{"id":18217,"date":"2024-07-24T11:11:30","date_gmt":"2024-07-24T09:11:30","guid":{"rendered":"https:\/\/www.cactusforniture.it\/prodotto\/poltrona-lounge-stiel-2969\/"},"modified":"2024-07-24T11:11:30","modified_gmt":"2024-07-24T09:11:30","slug":"poltrona-lounge-stiel-2969","status":"publish","type":"product","link":"https:\/\/www.cactusforniture.it\/en\/prodotto\/poltrona-lounge-stiel-2969\/","title":{"rendered":"Poltrona Lounge Stiel 2969"},"content":{"rendered":"<h3>STIEL 2969 LOUNGE<\/h3>\n<h4>PEDRALI<\/h4>\n<h5>Designer Sebastian Herkner<\/h5>\n<p>Stiel \u00e8 una collezione di sedute ispirata ad un\u2019idea di eleganza e raffinatezza. Caratterizzata da forme morbide e arrotondate, la poltrona lounge Stiel presenta un telaio in tubo d\u2019acciaio dalle curve sinuose e un\u2019imbottitura in schiumato poliuretanico soffice e generosa. I due elementi, unendosi armoniosamente, rendono questa collezione confortevole e caratterizzata da una minuziosa attenzione ai dettagli. La curva avvolgente dei braccioli \u00e8 abilmente modellata per dare continuit\u00e0 al profilo. Sedile e schienale si agganciano al telaio prevedendo un fissaggio senza viti a vista. La collezione Stiel \u00e8 pensata per un momento di relax o per una situazione conviviale, in cui il benessere della persona \u00e8 posto al centro. I rivestimenti e le finiture disponibili permettono a Stiel di adattarsi ad ogni situazione, in ambito contract o residenziale.<\/p>\n<p><a href=\"https:\/\/www.cactusforniture.it\/shop\/wp-content\/uploads\/2024\/07\/st-stiel-2969.pdf\"><strong><em>Visualizza Scheda Tecnica<\/em><\/strong><\/a><\/p>\n<p>&nbsp;<\/p>\n","protected":false},"excerpt":{"rendered":"<p>STIEL 2969 LOUNGE PEDRALI Designer Sebastian Herkner Stiel \u00e8 una collezione di sedute ispirata ad un\u2019idea di eleganza e raffinatezza.\u2026<\/p>\n","protected":false},"featured_media":18206,"template":"","meta":[],"product_brand":[],"product_cat":[3733,3735],"product_tag":[3991,3992,3993,3835],"class_list":{"0":"post-18217","1":"product","2":"type-product","3":"status-publish","4":"has-post-thumbnail","6":"product_cat-lounge-seating","7":"product_cat-padded-lounges","8":"product_tag-poltrona-lounge-stiel-2969-en","9":"product_tag-poltrone-lounge-cactus-en","10":"product_tag-poltrone-lounge-imbottite-en","11":"product_tag-poltrone-pedrali-en","13":"first","14":"instock","15":"shipping-taxable","16":"product-type-simple"},"acf":[],"yoast_head":"<!-- This site is optimized with the Yoast SEO plugin v25.1 - https:\/\/yoast.com\/wordpress\/plugins\/seo\/ -->\n<title>Poltrona Lounge Stiel 2969 - Cactus Forniture<\/title>\n<meta name=\"robots\" content=\"index, follow, max-snippet:-1, max-image-preview:large, max-video-preview:-1\" \/>\n<link rel=\"canonical\" href=\"https:\/\/www.cactusforniture.it\/en\/prodotto\/poltrona-lounge-stiel-2969\/\" \/>\n<meta property=\"og:locale\" content=\"en_US\" \/>\n<meta property=\"og:type\" content=\"article\" \/>\n<meta property=\"og:title\" content=\"Poltrona Lounge Stiel 2969 - Cactus Forniture\" \/>\n<meta property=\"og:description\" content=\"STIEL 2969 LOUNGE PEDRALI Designer Sebastian Herkner Stiel \u00e8 una collezione di sedute ispirata ad un\u2019idea di eleganza e raffinatezza.\u2026\" \/>\n<meta property=\"og:url\" content=\"https:\/\/www.cactusforniture.it\/en\/prodotto\/poltrona-lounge-stiel-2969\/\" \/>\n<meta property=\"og:site_name\" content=\"Cactus Forniture\" \/>\n<meta name=\"twitter:card\" content=\"summary_large_image\" \/>\n<meta name=\"twitter:label1\" content=\"Est. reading time\" \/>\n\t<meta name=\"twitter:data1\" content=\"1 minute\" \/>\n<script type=\"application\/ld+json\" class=\"yoast-schema-graph\">{\"@context\":\"https:\/\/schema.org\",\"@graph\":[{\"@type\":\"WebPage\",\"@id\":\"https:\/\/www.cactusforniture.it\/en\/prodotto\/poltrona-lounge-stiel-2969\/\",\"url\":\"https:\/\/www.cactusforniture.it\/en\/prodotto\/poltrona-lounge-stiel-2969\/\",\"name\":\"Poltrona Lounge Stiel 2969 - Cactus Forniture\",\"isPartOf\":{\"@id\":\"https:\/\/www.cactusforniture.it\/#website\"},\"primaryImageOfPage\":{\"@id\":\"https:\/\/www.cactusforniture.it\/en\/prodotto\/poltrona-lounge-stiel-2969\/#primaryimage\"},\"image\":{\"@id\":\"https:\/\/www.cactusforniture.it\/en\/prodotto\/poltrona-lounge-stiel-2969\/#primaryimage\"},\"thumbnailUrl\":\"https:\/\/www.cactusforniture.it\/shop\/wp-content\/uploads\/2024\/07\/stiel-2969-still-01.jpg\",\"datePublished\":\"2024-07-24T09:11:30+00:00\",\"breadcrumb\":{\"@id\":\"https:\/\/www.cactusforniture.it\/en\/prodotto\/poltrona-lounge-stiel-2969\/#breadcrumb\"},\"inLanguage\":\"en-US\",\"potentialAction\":[{\"@type\":\"ReadAction\",\"target\":[\"https:\/\/www.cactusforniture.it\/en\/prodotto\/poltrona-lounge-stiel-2969\/\"]}]},{\"@type\":\"ImageObject\",\"inLanguage\":\"en-US\",\"@id\":\"https:\/\/www.cactusforniture.it\/en\/prodotto\/poltrona-lounge-stiel-2969\/#primaryimage\",\"url\":\"https:\/\/www.cactusforniture.it\/shop\/wp-content\/uploads\/2024\/07\/stiel-2969-still-01.jpg\",\"contentUrl\":\"https:\/\/www.cactusforniture.it\/shop\/wp-content\/uploads\/2024\/07\/stiel-2969-still-01.jpg\",\"width\":1600,\"height\":1358},{\"@type\":\"BreadcrumbList\",\"@id\":\"https:\/\/www.cactusforniture.it\/en\/prodotto\/poltrona-lounge-stiel-2969\/#breadcrumb\",\"itemListElement\":[{\"@type\":\"ListItem\",\"position\":1,\"name\":\"Home\",\"item\":\"https:\/\/www.cactusforniture.it\/en\/\"},{\"@type\":\"ListItem\",\"position\":2,\"name\":\"Shop\",\"item\":\"https:\/\/www.cactusforniture.it\/en\/shop\/\"},{\"@type\":\"ListItem\",\"position\":3,\"name\":\"Poltrona Lounge Stiel 2969\"}]},{\"@type\":\"WebSite\",\"@id\":\"https:\/\/www.cactusforniture.it\/#website\",\"url\":\"https:\/\/www.cactusforniture.it\/\",\"name\":\"Cactus Forniture\",\"description\":\"Arredamento per Locali Pubblici e Privati Firenze\",\"potentialAction\":[{\"@type\":\"SearchAction\",\"target\":{\"@type\":\"EntryPoint\",\"urlTemplate\":\"https:\/\/www.cactusforniture.it\/?s={search_term_string}\"},\"query-input\":{\"@type\":\"PropertyValueSpecification\",\"valueRequired\":true,\"valueName\":\"search_term_string\"}}],\"inLanguage\":\"en-US\"}]}<\/script>\n<!-- \/ Yoast SEO plugin. -->","yoast_head_json":{"title":"Poltrona Lounge Stiel 2969 - Cactus Forniture","robots":{"index":"index","follow":"follow","max-snippet":"max-snippet:-1","max-image-preview":"max-image-preview:large","max-video-preview":"max-video-preview:-1"},"canonical":"https:\/\/www.cactusforniture.it\/en\/prodotto\/poltrona-lounge-stiel-2969\/","og_locale":"en_US","og_type":"article","og_title":"Poltrona Lounge Stiel 2969 - Cactus Forniture","og_description":"STIEL 2969 LOUNGE PEDRALI Designer Sebastian Herkner Stiel \u00e8 una collezione di sedute ispirata ad un\u2019idea di eleganza e raffinatezza.\u2026","og_url":"https:\/\/www.cactusforniture.it\/en\/prodotto\/poltrona-lounge-stiel-2969\/","og_site_name":"Cactus Forniture","twitter_card":"summary_large_image","twitter_misc":{"Est. reading time":"1 minute"},"schema":{"@context":"https:\/\/schema.org","@graph":[{"@type":"WebPage","@id":"https:\/\/www.cactusforniture.it\/en\/prodotto\/poltrona-lounge-stiel-2969\/","url":"https:\/\/www.cactusforniture.it\/en\/prodotto\/poltrona-lounge-stiel-2969\/","name":"Poltrona Lounge Stiel 2969 - Cactus Forniture","isPartOf":{"@id":"https:\/\/www.cactusforniture.it\/#website"},"primaryImageOfPage":{"@id":"https:\/\/www.cactusforniture.it\/en\/prodotto\/poltrona-lounge-stiel-2969\/#primaryimage"},"image":{"@id":"https:\/\/www.cactusforniture.it\/en\/prodotto\/poltrona-lounge-stiel-2969\/#primaryimage"},"thumbnailUrl":"https:\/\/www.cactusforniture.it\/shop\/wp-content\/uploads\/2024\/07\/stiel-2969-still-01.jpg","datePublished":"2024-07-24T09:11:30+00:00","breadcrumb":{"@id":"https:\/\/www.cactusforniture.it\/en\/prodotto\/poltrona-lounge-stiel-2969\/#breadcrumb"},"inLanguage":"en-US","potentialAction":[{"@type":"ReadAction","target":["https:\/\/www.cactusforniture.it\/en\/prodotto\/poltrona-lounge-stiel-2969\/"]}]},{"@type":"ImageObject","inLanguage":"en-US","@id":"https:\/\/www.cactusforniture.it\/en\/prodotto\/poltrona-lounge-stiel-2969\/#primaryimage","url":"https:\/\/www.cactusforniture.it\/shop\/wp-content\/uploads\/2024\/07\/stiel-2969-still-01.jpg","contentUrl":"https:\/\/www.cactusforniture.it\/shop\/wp-content\/uploads\/2024\/07\/stiel-2969-still-01.jpg","width":1600,"height":1358},{"@type":"BreadcrumbList","@id":"https:\/\/www.cactusforniture.it\/en\/prodotto\/poltrona-lounge-stiel-2969\/#breadcrumb","itemListElement":[{"@type":"ListItem","position":1,"name":"Home","item":"https:\/\/www.cactusforniture.it\/en\/"},{"@type":"ListItem","position":2,"name":"Shop","item":"https:\/\/www.cactusforniture.it\/en\/shop\/"},{"@type":"ListItem","position":3,"name":"Poltrona Lounge Stiel 2969"}]},{"@type":"WebSite","@id":"https:\/\/www.cactusforniture.it\/#website","url":"https:\/\/www.cactusforniture.it\/","name":"Cactus Forniture","description":"Arredamento per Locali Pubblici e Privati Firenze","potentialAction":[{"@type":"SearchAction","target":{"@type":"EntryPoint","urlTemplate":"https:\/\/www.cactusforniture.it\/?s={search_term_string}"},"query-input":{"@type":"PropertyValueSpecification","valueRequired":true,"valueName":"search_term_string"}}],"inLanguage":"en-US"}]}},"_links":{"self":[{"href":"https:\/\/www.cactusforniture.it\/en\/wp-json\/wp\/v2\/product\/18217","targetHints":{"allow":["GET"]}}],"collection":[{"href":"https:\/\/www.cactusforniture.it\/en\/wp-json\/wp\/v2\/product"}],"about":[{"href":"https:\/\/www.cactusforniture.it\/en\/wp-json\/wp\/v2\/types\/product"}],"wp:featuredmedia":[{"embeddable":true,"href":"https:\/\/www.cactusforniture.it\/en\/wp-json\/wp\/v2\/media\/18206"}],"wp:attachment":[{"href":"https:\/\/www.cactusforniture.it\/en\/wp-json\/wp\/v2\/media?parent=18217"}],"wp:term":[{"taxonomy":"product_brand","embeddable":true,"href":"https:\/\/www.cactusforniture.it\/en\/wp-json\/wp\/v2\/product_brand?post=18217"},{"taxonomy":"product_cat","embeddable":true,"href":"https:\/\/www.cactusforniture.it\/en\/wp-json\/wp\/v2\/product_cat?post=18217"},{"taxonomy":"product_tag","embeddable":true,"href":"https:\/\/www.cactusforniture.it\/en\/wp-json\/wp\/v2\/product_tag?post=18217"}],"curies":[{"name":"wp","href":"https:\/\/api.w.org\/{rel}","templated":true}]}}